{"id":1367,"date":"2021-09-29T12:38:32","date_gmt":"2021-09-29T12:38:32","guid":{"rendered":"http:\/\/www.financespersonals.com\/privacy-policy\/"},"modified":"2022-05-02T12:09:03","modified_gmt":"2022-05-02T12:09:03","slug":"privacy-policy","status":"publish","type":"page","link":"https:\/\/www.financespersonals.es\/ca\/privacy-policy\/","title":{"rendered":"Pol\u00edtica de Privadesa"},"content":{"rendered":"\t\t<div data-elementor-type=\"wp-page\" data-elementor-id=\"1367\" class=\"elementor elementor-1367 elementor-3\">\n\t\t\t\t\t\t<section class=\"elementor-section elementor-top-section elementor-element elementor-element-7ccffab elementor-section-boxed elementor-section-height-default elementor-section-height-default parallax_section_no qode_elementor_container_no\" data-id=\"7ccffab\" data-element_type=\"section\" data-e-type=\"section\">\n\t\t\t\t\t\t<div class=\"elementor-container elementor-column-gap-default\">\n\t\t\t\t\t<div class=\"elementor-column elementor-col-100 elementor-top-column elementor-element elementor-element-7efb5171\" data-id=\"7efb5171\" data-element_type=\"column\" data-e-type=\"column\">\n\t\t\t<div class=\"elementor-widget-wrap elementor-element-populated\">\n\t\t\t\t\t\t<div class=\"elementor-element elementor-element-e298660 elementor-widget elementor-widget-text-editor\" data-id=\"e298660\" data-element_type=\"widget\" data-e-type=\"widget\" data-widget_type=\"text-editor.default\">\n\t\t\t\t<div class=\"elementor-widget-container\">\n\t\t\t\t\t\t\t\t\t<h2>Identitat<\/h2><p>Segons la Llei\/2002, de 11 de juliol, de Serveis de la Societat de la Informaci\u00f3 i de Comer\u00e7 Electr\u00f2nic (LSSI-CE), FUNDS AND PORFTOLIOS SL comunica que \u00e9s titular del lloc web www.financespersonals.com. D&#8217;acord amb la imposici\u00f3 de l&#8217;article 10 de la Llei esmentada, FUNDS AND PORFTOLIOS SL informa de les dades seg\u00fcents:<\/p><p>L&#8217;autoritzat d&#8217;aquest lloc \u00e9s FUNDS AND PORFTOLIOS SL., amb CIF B63930432 i domicili social a l&#8217;Avinguda Diagonal 520, 4t 2a B, 08006, Barcelona, registrat al Registre Mercantil, al tom 37840, full B31485. L&#8217;adre\u00e7a de correu electr\u00f2nic de contacte amb l&#8217;empresa \u00e9s: <a href=\"mailto:info@fundsandportfolios.com\">info@fundsandportfolios.com<\/a> .<\/p><h2>Propietat intel\u00b7lectual i industrial<\/h2><p>FUNDS AND PORFTOLIOS SL per si mateixa o com a cession\u00e0ria, \u00e9s titular de tots els drets de propietat intel\u00b7lectual i industrial de la seva p\u00e0gina web, aix\u00ed com dels elements continguts a la mateixa (a t\u00edtol enunciatiu, imatges, so, \u00e0udio, v\u00eddeo, programari o textos, marques o logotips, combinacions de colors, estructura i disseny, selecci\u00f3 de materials usats, programes dordinador necessaris per al seu funcionament, acc\u00e9s i \u00fas, etc.).<\/p><p>Seran, per tant, obres protegides com a propietat intel\u00b7lectual per l&#8217;ordenament jur\u00eddic espanyol, i els seran aplicables tant la normativa espanyola i comunit\u00e0ria en aquest camp, com els tractats internacionals relatius a la mat\u00e8ria i subscrits per Espanya.<\/p><p>Tots els drets reservats. En virtut del que disposa la Llei de propietat intel\u00b7lectual, queden expressament prohibides la reproducci\u00f3, la distribuci\u00f3 i la comunicaci\u00f3 p\u00fablica, inclosa la seva modalitat de posada a disposici\u00f3, de la totalitat o part dels continguts d&#8217;aquesta p\u00e0gina web, amb finalitats comercials, en qualsevol suport i per qualsevol mitj\u00e0 t\u00e8cnic, sense l&#8217;autoritzaci\u00f3 de FUNDS AND PORFTOLIOS SL<\/p><p>L&#8217;usuari es compromet a respectar els drets de Propietat Intel\u00b7lectual i Industrial titularitat de FUNDS AND PORFTOLIOS SL Podreu visualitzar els elements del portal i fins i tot imprimir-los, copiar-los i emmagatzemar-los al disc dur del vostre ordinador o en qualsevol altre suport f\u00edsic sempre que sigui, \u00fanica i exclusivament, per a \u00fas personal i privat. L&#8217;usuari haur\u00e0 d&#8217;abstenir-se de suprimir, alterar, eludir o manipular qualsevol dispositiu de protecci\u00f3 o sistema de seguretat que estigu\u00e9s instal\u00b7lat a les p\u00e0gines de FUNDS AND PORFTOLIOS SL<\/p><h2>Usuari i r\u00e8gim de responsabilitats<\/h2><p>La navegaci\u00f3, acc\u00e9s i ocupaci\u00f3 pel lloc web de FUNDS AND PORFTOLIOS SL atorga la condici\u00f3 d&#8217;usuari, per la qual s&#8217;accepten, des de la navegaci\u00f3 pel lloc web de FUNDS AND PORFTOLIOS SL totes les condicions d&#8217;\u00fas establertes aqu\u00ed sense perjudici de la aplicaci\u00f3 de la deguda normativa de compliment legal obligat.<\/p><p>La p\u00e0gina web de FUNDS AND PORFTOLIOS SL proporciona una gran multitud d&#8217;informaci\u00f3, serveis i dades. L&#8217;usuari accepta la seva responsabilitat en la feina correcta del lloc web. Aquesta responsabilitat s&#8217;estendr\u00e0 a:<\/p><ul><li>La veracitat i licitud de les informacions aportades per l&#8217;usuari als formularis estesos per FUNDS AND PORFTOLIOS SL per a l&#8217;acc\u00e9s a certs continguts o serveis oferts pel web.<\/li><li>L&#8217;\u00fas de la informaci\u00f3, serveis i dades ofertes per FUNDS AND PORFTOLIOS SL contr\u00e0riament al que disposen aquestes condicions., la Llei, la moral, els bons costums o l&#8217;ordre p\u00fablic, o que de qualsevol altra manera puguin suposar una lesi\u00f3 de els drets de tercers o del mateix funcionament del lloc web.<\/li><\/ul><h2>Protecci\u00f3 de dades<\/h2><p>De conformitat amb el que estableix la normativa vigent en Protecci\u00f3 de Dades de Car\u00e0cter Personal, us informem que les vostres dades seran incorporades al sistema de tractament de titularitat de FUNDS AND PORFTOLIOS SL amb CIF B63930432 i domicili social situat Avinguda Diagonal 520, 4t 2a B, 08006, Barcelona, amb la finalitat de poder facilitar, agilitzar i complir els compromisos establerts entre les dues parts. En compliment amb la normativa vigent, FUNDS AND PORFTOLIOS SL. informa que les dades seran conservades durant el termini estrictament necessari per complir els preceptes esmentats amb anterioritat.<\/p><p>Us informem que el tractament de les vostres dades est\u00e0 legitimat pel vostre consentiment.<\/p><p>FUNDS AND PORFTOLIOS SL informa que procedir\u00e0 a tractar les dades de manera l\u00edcita, lleial, transparent, adequada, pertinent, limitada, exacta i actualitzada. \u00c9s per aix\u00f2 que FUNDS AND PORFTOLIOS SL: es compromet a adoptar totes les mesures raonables perqu\u00e8 aquests se suprimeixin o rectifiquin sense dilaci\u00f3 quan siguin inexactes.<\/p><p>Alhora, us informem que podeu contactar amb el Delegat de Protecci\u00f3 de Dades, adre\u00e7ant-vos per escrit a l&#8217;adre\u00e7a de correu <a href=\"mailto:info@financespersonals.com\">info@financespersonals.com<\/a><\/p><p>D&#8217;acord amb els drets que us confereix la normativa vigent en protecci\u00f3 de dades podreu exercir els drets d&#8217;acc\u00e9s, rectificaci\u00f3, limitaci\u00f3 de tractament, supressi\u00f3, portabilitat i oposici\u00f3 al tractament de les vostres dades de car\u00e0cter personal, aix\u00ed com del perm\u00eds prestat per al tractament. dels mateixos, dirigint la vostra petici\u00f3 a l&#8217;adre\u00e7a postal indicada m\u00e9s amunt o al correu electr\u00f2nic <a href=\"mailto:info@financespersonals.com\">info@financespersonals.com<\/a><\/p><p>Podr\u00e0 adre\u00e7ar-se a lAutoritat de Control competent per presentar la reclamaci\u00f3 que consideri oportuna.<\/p><h2>Destinaci\u00f3 de les dades<\/h2><p>Les vostres dades no seran cedides a tercers excepte per obligaci\u00f3 legal.<\/p><h2>Pol\u00edtica d&#8217;enlla\u00e7os i exempcions de responsabilitat<\/h2><p>FUNDS AND PORFTOLIOS SL no es fa responsable del contingut dels llocs web als quals l&#8217;usuari pugui accedir a trav\u00e9s dels enlla\u00e7os establerts al seu lloc web i declara que en cap cas procedir\u00e0 a examinar o exercitar cap tipus de control d&#8217;altres llocs de la xarxa. Aix\u00ed mateix, tampoc garantir\u00e0 la disponibilitat t\u00e8cnica, exactitud, veracitat, validesa o legalitat de llocs aliens a la seva propietat a qu\u00e8 es pugui accedir per mitj\u00e0 dels enlla\u00e7os.<\/p><p>FUNDS AND PORFTOLIOS SL declara haver adoptat totes les mesures necess\u00e0ries per evitar qualsevol dany als usuaris del seu lloc web, que es puguin derivar de la navegaci\u00f3 pel seu lloc web. En conseq\u00fc\u00e8ncia, FUNDS AND PORFTOLIOS SL no es fa responsable dels danys eventuals que per la navegaci\u00f3 per Internet pogu\u00e9s patir l&#8217;usuari.<\/p><h2>Modificacions<\/h2><p>FUNDS AND PORFTOLIOS SL es reserva el dret a realitzar les modificacions que consideri oportunes, sense av\u00eds previ, en el contingut del seu lloc web. Tant pel que fa als continguts del lloc web, com a les condicions d&#8217;\u00fas del mateix. Aquestes modificacions podran realitzar-se a trav\u00e9s del seu lloc web per qualsevol forma admissible en dret i seran de compliment obligat durant el temps en qu\u00e8 es trobin publicades a la web i fins que no siguin modificades v\u00e0lidament per altres posteriors.<\/p><h2>Accions legals, legislaci\u00f3 aplicable i jurisdicci\u00f3<\/h2><p>FUNDS AND PORFTOLIOS SL es reserva, aix\u00ed mateix, la facultat de presentar les accions civils o penals que consideri oportunes per la utilitzaci\u00f3 indeguda del lloc web, o per l&#8217;incompliment de les presents condicions.<\/p><p>La relaci\u00f3 entre l&#8217;usuari i el prestador es regir\u00e0 per la normativa vigent i aplicable al territori espanyol. Si sorgeix qualsevol controv\u00e8rsia, les parts poden sotmetre els seus conflictes a arbitratge a acudir a la jurisdicci\u00f3 ordin\u00e0ria complint amb les normes sobre jurisdicci\u00f3 i compet\u00e8ncia sobre aix\u00f2. FUNDS AND PORFTOLIOS SL t\u00e9 el domicili a Barcelona, Espanya.<\/p><p> <\/p>\t\t\t\t\t\t\t\t<\/div>\n\t\t\t\t<\/div>\n\t\t\t\t\t<\/div>\n\t\t<\/div>\n\t\t\t\t\t<\/div>\n\t\t<\/section>\n\t\t\t\t<\/div>\n\t\t","protected":false},"excerpt":{"rendered":"<p>Identitat Segons la Llei\/2002, de 11 de juliol, de Serveis de la Societat de la Informaci\u00f3 i de Comer\u00e7 Electr\u00f2nic (LSSI-CE), FUNDS AND PORFTOLIOS SL comunica que \u00e9s titular del lloc web www.financespersonals.com. D&#8217;acord amb la imposici\u00f3 de l&#8217;article 10 de la Llei esmentada, FUNDS&#8230;<\/p>\n","protected":false},"author":1,"featured_media":0,"parent":0,"menu_order":0,"comment_status":"closed","ping_status":"closed","template":"","meta":{"footnotes":""},"class_list":["post-1367","page","type-page","status-publish","hentry"],"yoast_head":"<!-- This site is optimized with the Yoast SEO plugin v27.5 - https:\/\/yoast.com\/product\/yoast-seo-wordpress\/ -->\n<title>Pol\u00edtica de Privadesa - financespersonals.com<\/title>\n<meta name=\"robots\" content=\"index, follow, max-snippet:-1, max-image-preview:large, max-video-preview:-1\" \/>\n<link rel=\"canonical\" href=\"https:\/\/www.financespersonals.es\/ca\/privacy-policy\/\" \/>\n<meta property=\"og:locale\" content=\"ca_ES\" \/>\n<meta property=\"og:type\" content=\"article\" \/>\n<meta property=\"og:title\" content=\"Pol\u00edtica de Privadesa - financespersonals.com\" \/>\n<meta property=\"og:description\" content=\"Identitat Segons la Llei\/2002, de 11 de juliol, de Serveis de la Societat de la Informaci\u00f3 i de Comer\u00e7 Electr\u00f2nic (LSSI-CE), FUNDS AND PORFTOLIOS SL comunica que \u00e9s titular del lloc web www.financespersonals.com. D&#8217;acord amb la imposici\u00f3 de l&#8217;article 10 de la Llei esmentada, FUNDS...\" \/>\n<meta property=\"og:url\" content=\"https:\/\/www.financespersonals.es\/ca\/privacy-policy\/\" \/>\n<meta property=\"og:site_name\" content=\"financespersonals.com\" \/>\n<meta property=\"article:modified_time\" content=\"2022-05-02T12:09:03+00:00\" \/>\n<meta name=\"twitter:card\" content=\"summary_large_image\" \/>\n<meta name=\"twitter:label1\" content=\"Temps estimat de lectura\" \/>\n\t<meta name=\"twitter:data1\" content=\"6 minuts\" \/>\n<script type=\"application\/ld+json\" class=\"yoast-schema-graph\">{\"@context\":\"https:\\\/\\\/schema.org\",\"@graph\":[{\"@type\":\"WebPage\",\"@id\":\"https:\\\/\\\/www.financespersonals.es\\\/ca\\\/privacy-policy\\\/\",\"url\":\"https:\\\/\\\/www.financespersonals.es\\\/ca\\\/privacy-policy\\\/\",\"name\":\"Pol\u00edtica de Privadesa - financespersonals.com\",\"isPartOf\":{\"@id\":\"https:\\\/\\\/www.financespersonals.es\\\/#website\"},\"datePublished\":\"2021-09-29T12:38:32+00:00\",\"dateModified\":\"2022-05-02T12:09:03+00:00\",\"breadcrumb\":{\"@id\":\"https:\\\/\\\/www.financespersonals.es\\\/ca\\\/privacy-policy\\\/#breadcrumb\"},\"inLanguage\":\"ca\",\"potentialAction\":[{\"@type\":\"ReadAction\",\"target\":[\"https:\\\/\\\/www.financespersonals.es\\\/ca\\\/privacy-policy\\\/\"]}]},{\"@type\":\"BreadcrumbList\",\"@id\":\"https:\\\/\\\/www.financespersonals.es\\\/ca\\\/privacy-policy\\\/#breadcrumb\",\"itemListElement\":[{\"@type\":\"ListItem\",\"position\":1,\"name\":\"Home\",\"item\":\"https:\\\/\\\/www.financespersonals.es\\\/ca\\\/\"},{\"@type\":\"ListItem\",\"position\":2,\"name\":\"Pol\u00edtica de Privadesa\"}]},{\"@type\":\"WebSite\",\"@id\":\"https:\\\/\\\/www.financespersonals.es\\\/#website\",\"url\":\"https:\\\/\\\/www.financespersonals.es\\\/\",\"name\":\"financespersonals.com\",\"description\":\"Finances personals\",\"potentialAction\":[{\"@type\":\"SearchAction\",\"target\":{\"@type\":\"EntryPoint\",\"urlTemplate\":\"https:\\\/\\\/www.financespersonals.es\\\/?s={search_term_string}\"},\"query-input\":{\"@type\":\"PropertyValueSpecification\",\"valueRequired\":true,\"valueName\":\"search_term_string\"}}],\"inLanguage\":\"ca\"}]}<\/script>\n<!-- \/ Yoast SEO plugin. -->","yoast_head_json":{"title":"Pol\u00edtica de Privadesa - financespersonals.com","robots":{"index":"index","follow":"follow","max-snippet":"max-snippet:-1","max-image-preview":"max-image-preview:large","max-video-preview":"max-video-preview:-1"},"canonical":"https:\/\/www.financespersonals.es\/ca\/privacy-policy\/","og_locale":"ca_ES","og_type":"article","og_title":"Pol\u00edtica de Privadesa - financespersonals.com","og_description":"Identitat Segons la Llei\/2002, de 11 de juliol, de Serveis de la Societat de la Informaci\u00f3 i de Comer\u00e7 Electr\u00f2nic (LSSI-CE), FUNDS AND PORFTOLIOS SL comunica que \u00e9s titular del lloc web www.financespersonals.com. D&#8217;acord amb la imposici\u00f3 de l&#8217;article 10 de la Llei esmentada, FUNDS...","og_url":"https:\/\/www.financespersonals.es\/ca\/privacy-policy\/","og_site_name":"financespersonals.com","article_modified_time":"2022-05-02T12:09:03+00:00","twitter_card":"summary_large_image","twitter_misc":{"Temps estimat de lectura":"6 minuts"},"schema":{"@context":"https:\/\/schema.org","@graph":[{"@type":"WebPage","@id":"https:\/\/www.financespersonals.es\/ca\/privacy-policy\/","url":"https:\/\/www.financespersonals.es\/ca\/privacy-policy\/","name":"Pol\u00edtica de Privadesa - financespersonals.com","isPartOf":{"@id":"https:\/\/www.financespersonals.es\/#website"},"datePublished":"2021-09-29T12:38:32+00:00","dateModified":"2022-05-02T12:09:03+00:00","breadcrumb":{"@id":"https:\/\/www.financespersonals.es\/ca\/privacy-policy\/#breadcrumb"},"inLanguage":"ca","potentialAction":[{"@type":"ReadAction","target":["https:\/\/www.financespersonals.es\/ca\/privacy-policy\/"]}]},{"@type":"BreadcrumbList","@id":"https:\/\/www.financespersonals.es\/ca\/privacy-policy\/#breadcrumb","itemListElement":[{"@type":"ListItem","position":1,"name":"Home","item":"https:\/\/www.financespersonals.es\/ca\/"},{"@type":"ListItem","position":2,"name":"Pol\u00edtica de Privadesa"}]},{"@type":"WebSite","@id":"https:\/\/www.financespersonals.es\/#website","url":"https:\/\/www.financespersonals.es\/","name":"financespersonals.com","description":"Finances personals","potentialAction":[{"@type":"SearchAction","target":{"@type":"EntryPoint","urlTemplate":"https:\/\/www.financespersonals.es\/?s={search_term_string}"},"query-input":{"@type":"PropertyValueSpecification","valueRequired":true,"valueName":"search_term_string"}}],"inLanguage":"ca"}]}},"_links":{"self":[{"href":"https:\/\/www.financespersonals.es\/ca\/wp-json\/wp\/v2\/pages\/1367","targetHints":{"allow":["GET"]}}],"collection":[{"href":"https:\/\/www.financespersonals.es\/ca\/wp-json\/wp\/v2\/pages"}],"about":[{"href":"https:\/\/www.financespersonals.es\/ca\/wp-json\/wp\/v2\/types\/page"}],"author":[{"embeddable":true,"href":"https:\/\/www.financespersonals.es\/ca\/wp-json\/wp\/v2\/users\/1"}],"replies":[{"embeddable":true,"href":"https:\/\/www.financespersonals.es\/ca\/wp-json\/wp\/v2\/comments?post=1367"}],"version-history":[{"count":3,"href":"https:\/\/www.financespersonals.es\/ca\/wp-json\/wp\/v2\/pages\/1367\/revisions"}],"predecessor-version":[{"id":1383,"href":"https:\/\/www.financespersonals.es\/ca\/wp-json\/wp\/v2\/pages\/1367\/revisions\/1383"}],"wp:attachment":[{"href":"https:\/\/www.financespersonals.es\/ca\/wp-json\/wp\/v2\/media?parent=1367"}],"curies":[{"name":"wp","href":"https:\/\/api.w.org\/{rel}","templated":true}]}}